{"id":39,"date":"2021-12-31T16:23:17","date_gmt":"2021-12-31T15:23:17","guid":{"rendered":"https:\/\/white-home.ch\/?page_id=39"},"modified":"2026-02-04T13:59:02","modified_gmt":"2026-02-04T12:59:02","slug":"kontakt","status":"publish","type":"page","link":"https:\/\/foodanhaenger.ch\/it\/kontakt\/","title":{"rendered":"Contatto"},"content":{"rendered":"\t\t<div data-elementor-type=\"wp-page\" data-elementor-id=\"39\" class=\"elementor elementor-39\" data-elementor-post-type=\"page\">\n\t\t\t\t\t\t<section class=\"elementor-section elementor-top-section elementor-element elementor-element-2bd0634d elementor-section-content-middle elementor-section-stretched elementor-section-boxed elementor-section-height-default elementor-section-height-default\" data-id=\"2bd0634d\" data-element_type=\"section\" data-e-type=\"section\" data-settings=\"{&quot;background_background&quot;:&quot;classic&quot;,&quot;stretch_section&quot;:&quot;section-stretched&quot;}\">\r\n\t\t\t\t\t\t<div class=\"elementor-background-overlay\"><\/div>\r\n\t\t\t\r\n\t\t\t\t\t\t\t<div class=\"elementor-container elementor-column-gap-no\">\r\n\t\t\t\t\t\t\t\t\t\t\t<div class=\"elementor-column elementor-col-50 elementor-top-column elementor-element elementor-element-57654098 elementor-invisible\" data-id=\"57654098\" data-element_type=\"column\" data-e-type=\"column\" data-settings=\"{&quot;background_background&quot;:&quot;classic&quot;,&quot;animation&quot;:&quot;fadeInLeft&quot;,&quot;animation_delay&quot;:500}\">\r\n\t\t\t\t\t<div class=\"elementor-widget-wrap elementor-element-populated\">\r\n\t\t\t\t\t\t\t\t<div class=\"elementor-element elementor-element-349e7260 elementor-widget elementor-widget-heading\" data-id=\"349e7260\" data-element_type=\"widget\" data-e-type=\"widget\" data-widget_type=\"heading.default\">\n\t\t\t\t\t<h3 class=\"elementor-heading-title elementor-size-default\">Kontaktiere uns<\/h3>\t\t\t\t<\/div>\n\t\t\t\t<div class=\"elementor-element elementor-element-24532819 elementor-widget elementor-widget-text-editor\" data-id=\"24532819\" data-element_type=\"widget\" data-e-type=\"widget\" data-widget_type=\"text-editor.default\">\n\t\t\t\t\t\t\t\t\t<span style=\"font-size:1.2rem; line-height:40px;\">Wir sind gern f\u00fcr dich da.<\/span><br>\n\nWir sch\u00e4tzen unsere Kunden sehr und freuen uns, dass du unsere Website besuchst. Was k\u00f6nnen wir f\u00fcr dich tun?\t\t\t\t\t\t\t\t<\/div>\n\t\t\t\t<div class=\"elementor-element elementor-element-6cbfe879 elementor-button-align-stretch elementor-widget elementor-widget-form\" data-id=\"6cbfe879\" data-element_type=\"widget\" data-e-type=\"widget\" data-settings=\"{&quot;step_next_label&quot;:&quot;Next&quot;,&quot;step_previous_label&quot;:&quot;Previous&quot;,&quot;button_width&quot;:&quot;100&quot;,&quot;step_type&quot;:&quot;number_text&quot;,&quot;step_icon_shape&quot;:&quot;circle&quot;}\" data-widget_type=\"form.default\">\n\t\t\t\t\t\t\t<form class=\"elementor-form\" method=\"post\" name=\"New Form\" aria-label=\"New Form\">\n\t\t\t<input type=\"hidden\" name=\"post_id\" value=\"39\"\/>\n\t\t\t<input type=\"hidden\" name=\"form_id\" value=\"6cbfe879\"\/>\n\t\t\t<input type=\"hidden\" name=\"referer_title\" value=\"Kontakt - Food Trailer - Foodanh\u00e4nger in Grenchen\" \/>\n\n\t\t\t\t\t\t\t<input type=\"hidden\" name=\"queried_id\" value=\"39\"\/>\n\t\t\t\n\t\t\t<div class=\"elementor-form-fields-wrapper elementor-labels-\">\n\t\t\t\t\t\t\t\t<div class=\"elementor-field-type-text elementor-field-group elementor-column elementor-field-group-name elementor-col-100 elementor-field-required\">\n\t\t\t\t\t\t\t\t\t\t\t\t<label for=\"form-field-name\" class=\"elementor-field-label elementor-screen-only\">\n\t\t\t\t\t\t\t\tName\t\t\t\t\t\t\t<\/label>\n\t\t\t\t\t\t\t\t\t\t\t\t\t\t<input size=\"1\" type=\"text\" name=\"form_fields[name]\" id=\"form-field-name\" class=\"elementor-field elementor-size-sm  elementor-field-textual\" placeholder=\"Name\" required=\"required\">\n\t\t\t\t\t\t\t\t\t\t\t<\/div>\n\t\t\t\t\t\t\t\t<div class=\"elementor-field-type-email elementor-field-group elementor-column elementor-field-group-email elementor-col-100 elementor-field-required\">\n\t\t\t\t\t\t\t\t\t\t\t\t<label for=\"form-field-email\" class=\"elementor-field-label elementor-screen-only\">\n\t\t\t\t\t\t\t\tE-Mail\t\t\t\t\t\t\t<\/label>\n\t\t\t\t\t\t\t\t\t\t\t\t\t\t<input size=\"1\" type=\"email\" name=\"form_fields[email]\" id=\"form-field-email\" class=\"elementor-field elementor-size-sm  elementor-field-textual\" placeholder=\"E-Mail-Adresse\" required=\"required\">\n\t\t\t\t\t\t\t\t\t\t\t<\/div>\n\t\t\t\t\t\t\t\t<div class=\"elementor-field-type-tel elementor-field-group elementor-column elementor-field-group-field_15999c0 elementor-col-100\">\n\t\t\t\t\t\t\t\t\t\t\t\t<label for=\"form-field-field_15999c0\" class=\"elementor-field-label elementor-screen-only\">\n\t\t\t\t\t\t\t\tTelefonnummer\t\t\t\t\t\t\t<\/label>\n\t\t\t\t\t\t\t\t<input size=\"1\" type=\"tel\" name=\"form_fields[field_15999c0]\" id=\"form-field-field_15999c0\" class=\"elementor-field elementor-size-sm  elementor-field-textual\" placeholder=\"Telefonnummer (optional)\" pattern=\"[0-9()#&amp;+*-=.]+\" title=\"Es werden nur Zahlen und Telefonbuchstaben (#, -, *, usw.) akzeptiert.\">\n\n\t\t\t\t\t\t<\/div>\n\t\t\t\t\t\t\t\t<div class=\"elementor-field-type-textarea elementor-field-group elementor-column elementor-field-group-message elementor-col-100 elementor-field-required\">\n\t\t\t\t\t\t\t\t\t\t\t\t<label for=\"form-field-message\" class=\"elementor-field-label elementor-screen-only\">\n\t\t\t\t\t\t\t\tnachricht\t\t\t\t\t\t\t<\/label>\n\t\t\t\t\t\t<textarea class=\"elementor-field-textual elementor-field  elementor-size-sm\" name=\"form_fields[message]\" id=\"form-field-message\" rows=\"4\" placeholder=\"Ihre Nachricht\" required=\"required\"><\/textarea>\t\t\t\t<\/div>\n\t\t\t\t\t\t\t\t<div class=\"elementor-field-type-recaptcha_v3 elementor-field-group elementor-column elementor-field-group-field_833a90a elementor-col-100 recaptcha_v3-bottomright\">\n\t\t\t\t\t<div class=\"elementor-field\" id=\"form-field-field_833a90a\"><div class=\"elementor-g-recaptcha\" data-sitekey=\"6LemVk0nAAAAAPdHi6jVZ98X8JxjwMA_GK0-rSJE\" data-type=\"v3\" data-action=\"Form\" data-badge=\"bottomright\" data-size=\"invisible\"><\/div><\/div>\t\t\t\t<\/div>\n\t\t\t\t\t\t\t\t<div class=\"elementor-field-group elementor-column elementor-field-type-submit elementor-col-100 e-form__buttons\">\n\t\t\t\t\t<button class=\"elementor-button elementor-size-lg\" type=\"submit\">\n\t\t\t\t\t\t<span class=\"elementor-button-content-wrapper\">\n\t\t\t\t\t\t\t\t\t\t\t\t\t\t\t<span class=\"elementor-button-icon\">\n\t\t\t\t\t\t\t\t\t<i aria-hidden=\"true\" class=\"  Simple-Line-Icons-envelope\"><\/i>\t\t\t\t\t\t\t\t\t\t\t\t\t\t\t\t\t<\/span>\n\t\t\t\t\t\t\t\t\t\t\t\t\t\t\t\t\t\t\t\t\t\t<span class=\"elementor-button-text\">Nachricht senden<\/span>\n\t\t\t\t\t\t\t\t\t\t\t\t\t<\/span>\n\t\t\t\t\t<\/button>\n\t\t\t\t<\/div>\n\t\t\t<\/div>\n\t\t<\/form>\n\t\t\t\t\t\t<\/div>\n\t\t\t\t<div class=\"elementor-element elementor-element-26930b5 elementor-widget elementor-widget-text-editor\" data-id=\"26930b5\" data-element_type=\"widget\" data-e-type=\"widget\" data-widget_type=\"text-editor.default\">\n\t\t\t\t\t\t\t\t\t<p><span class=\"x-el x-el-span c2-1 c2-2 c2-3 c2-4 c2-5 c2-6 c2-7 c2-8\" data-ux=\"Element\">Diese Website ist durch reCAPTCHA sowie die <a class=\"x-el x-el-a c2-3b c2-3c c2-2f c2-v c2-w c2-3d c2-j c2-3 c2-3e c2-36 c2-3f c2-3g c2-3h c2-37 c2-38 c2-39 c2-3a\" role=\"link\" href=\"https:\/\/policies.google.com\/privacy\" target=\"_blank\" rel=\"noopener\" aria-haspopup=\"true\" data-ux=\"Link\" data-typography=\"LinkAlpha\">Datenschutzbestimmungen<\/a> und <a class=\"x-el x-el-a c2-3b c2-3c c2-2f c2-v c2-w c2-3d c2-j c2-3 c2-3e c2-36 c2-3f c2-3g c2-3h c2-37 c2-38 c2-39 c2-3a\" role=\"link\" href=\"https:\/\/policies.google.com\/terms\" target=\"_blank\" rel=\"noopener\" aria-haspopup=\"true\" data-ux=\"Link\" data-typography=\"LinkAlpha\">Nutzungsbedingungen<\/a> von Google gesch\u00fctzt.<\/span><\/p>\t\t\t\t\t\t\t\t<\/div>\n\t\t\t\t\t<\/div>\r\n\t\t\t\t<\/div>\r\n\t\t\t\t<div class=\"elementor-column elementor-col-50 elementor-top-column elementor-element elementor-element-4f34fdac elementor-invisible\" data-id=\"4f34fdac\" data-element_type=\"column\" data-e-type=\"column\" data-settings=\"{&quot;background_background&quot;:&quot;classic&quot;,&quot;animation&quot;:&quot;fadeInRight&quot;,&quot;animation_delay&quot;:700}\">\r\n\t\t\t\t\t<div class=\"elementor-widget-wrap elementor-element-populated\">\r\n\t\t\t\t\t\t\t\t<div class=\"elementor-element elementor-element-79b3e2bd elementor-widget elementor-widget-google_maps\" data-id=\"79b3e2bd\" data-element_type=\"widget\" data-e-type=\"widget\" data-widget_type=\"google_maps.default\">\n\t\t\t\t\t\t\t<div class=\"elementor-custom-embed\">\n\t\t\t<iframe loading=\"lazy\"\n\t\t\t\t\tsrc=\"https:\/\/maps.google.com\/maps?q=Schweiz&#038;t=m&#038;z=8&#038;output=embed&#038;iwloc=near\"\n\t\t\t\t\ttitle=\"Schweiz\"\n\t\t\t\t\taria-label=\"Schweiz\"\n\t\t\t><\/iframe>\n\t\t<\/div>\n\t\t\t\t\t\t<\/div>\n\t\t\t\t<div class=\"elementor-element elementor-element-9d2945b elementor-widget elementor-widget-text-editor\" data-id=\"9d2945b\" data-element_type=\"widget\" data-e-type=\"widget\" data-widget_type=\"text-editor.default\">\n\t\t\t\t\t\t\t\t\t<a href=\"#\">Foodanh\u00e4nger, Foodtrailer &#038; Imbisswagen in der\u00a0Schweiz<\/a>\t\t\t\t\t\t\t\t<\/div>\n\t\t\t\t<div class=\"elementor-element elementor-element-29ceb50 elementor-widget elementor-widget-text-editor\" data-id=\"29ceb50\" data-element_type=\"widget\" data-e-type=\"widget\" data-widget_type=\"text-editor.default\">\n\t\t\t\t\t\t\t\t\t<p>Telefon : <a href=\"tel:0041788412562\"><strong style=\"font-size: 120%;\">078 841 25 62<\/strong><\/a><br \/>E-Mail:<a href=\"mailto:info@foodanhaenger.ch\">info@foodanhaenger.ch<\/a><br \/><br \/>\u00d6ffnungszeiten:<br \/>Mo-Fr: 9-17<br \/>Sa-So: Geschlossen<\/p>\t\t\t\t\t\t\t\t<\/div>\n\t\t\t\t\t<\/div>\r\n\t\t\t\t<\/div>\r\n\t\t\t\t\t<\/div>\r\n\t\t\t\t<\/section>\r\n\t\t\t\t<\/div>\n\t\t","protected":false},"excerpt":{"rendered":"<p>Kontaktiere uns Wir sind gern f\u00fcr dich da. Wir sch\u00e4tzen unsere Kunden sehr und freuen uns, dass du unsere Website besuchst. Was k\u00f6nnen wir f\u00fcr dich tun? Diese Website ist durch reCAPTCHA sowie die Datenschutzbestimmungen und Nutzungsbedingungen von Google gesch\u00fctzt. Foodanh\u00e4nger, Foodtrailer &#038; Imbisswagen in der\u00a0Schweiz Telefon : 078 841 25 62E-Mail:info@foodanhaenger.ch \u00d6ffnungszeiten:Mo-Fr: 9-17Sa-So: Geschlossen<\/p>","protected":false},"author":1,"featured_media":2552,"parent":0,"menu_order":0,"comment_status":"closed","ping_status":"closed","template":"","meta":{"inline_featured_image":false,"cybocfi_hide_featured_image":"yes","footnotes":""},"class_list":["post-39","page","type-page","status-publish","has-post-thumbnail","hentry"],"yoast_head":"<!-- This site is optimized with the Yoast SEO Premium plugin v27.4 (Yoast SEO v27.4) - https:\/\/yoast.com\/product\/yoast-seo-premium-wordpress\/ -->\n<title>Kontakt - Food Trailer - Foodanh\u00e4nger in Grenchen<\/title>\n<meta name=\"description\" content=\"Speziell angefertigt Verkaufswagen und Imbisswagen, um Ihre Bed\u00fcrfnisse zu erf\u00fcllen. Professionelle Foodanh\u00e4nger f\u00fcr Ihren Verkauf. Bestellen Sie jetzt und \u00fcberzeugen Sie!\" \/>\n<meta name=\"robots\" content=\"index, follow, max-snippet:-1, max-image-preview:large, max-video-preview:-1\" \/>\n<link rel=\"canonical\" href=\"https:\/\/foodanhaenger.ch\/it\/kontakt\/\" \/>\n<meta property=\"og:locale\" content=\"it_IT\" \/>\n<meta property=\"og:type\" content=\"article\" \/>\n<meta property=\"og:title\" content=\"Kontakt\" \/>\n<meta property=\"og:description\" content=\"Speziell angefertigt Verkaufswagen und Imbisswagen, um Ihre Bed\u00fcrfnisse zu erf\u00fcllen. Professionelle Foodanh\u00e4nger f\u00fcr Ihren Verkauf. Bestellen Sie jetzt und \u00fcberzeugen Sie!\" \/>\n<meta property=\"og:url\" content=\"https:\/\/foodanhaenger.ch\/it\/kontakt\/\" \/>\n<meta property=\"og:site_name\" content=\"Food Trailer - Foodanh\u00e4nger in Grenchen\" \/>\n<meta property=\"article:publisher\" content=\"https:\/\/www.facebook.com\/verkaufswagenverkaufen\" \/>\n<meta property=\"article:modified_time\" content=\"2026-02-04T12:59:02+00:00\" \/>\n<meta property=\"og:image\" content=\"https:\/\/foodanhaenger.ch\/wp-content\/uploads\/2023\/07\/Header-tab.webp\" \/>\n\t<meta property=\"og:image:width\" content=\"1300\" \/>\n\t<meta property=\"og:image:height\" content=\"1069\" \/>\n\t<meta property=\"og:image:type\" content=\"image\/webp\" \/>\n<meta name=\"twitter:card\" content=\"summary_large_image\" \/>\n<meta name=\"twitter:label1\" content=\"Tempo di lettura stimato\" \/>\n\t<meta name=\"twitter:data1\" content=\"1 minuto\" \/>\n<script type=\"application\/ld+json\" class=\"yoast-schema-graph\">{\"@context\":\"https:\\\/\\\/schema.org\",\"@graph\":[{\"@type\":\"WebPage\",\"@id\":\"https:\\\/\\\/foodanhaenger.ch\\\/kontakt\\\/\",\"url\":\"https:\\\/\\\/foodanhaenger.ch\\\/kontakt\\\/\",\"name\":\"Kontakt - Food Trailer - Foodanh\u00e4nger in Grenchen\",\"isPartOf\":{\"@id\":\"https:\\\/\\\/foodanhaenger.ch\\\/#website\"},\"primaryImageOfPage\":{\"@id\":\"https:\\\/\\\/foodanhaenger.ch\\\/kontakt\\\/#primaryimage\"},\"image\":{\"@id\":\"https:\\\/\\\/foodanhaenger.ch\\\/kontakt\\\/#primaryimage\"},\"thumbnailUrl\":\"https:\\\/\\\/foodanhaenger.ch\\\/wp-content\\\/uploads\\\/2023\\\/07\\\/Header-tab.webp\",\"datePublished\":\"2021-12-31T15:23:17+00:00\",\"dateModified\":\"2026-02-04T12:59:02+00:00\",\"description\":\"Speziell angefertigt Verkaufswagen und Imbisswagen, um Ihre Bed\u00fcrfnisse zu erf\u00fcllen. Professionelle Foodanh\u00e4nger f\u00fcr Ihren Verkauf. Bestellen Sie jetzt und \u00fcberzeugen Sie!\",\"breadcrumb\":{\"@id\":\"https:\\\/\\\/foodanhaenger.ch\\\/kontakt\\\/#breadcrumb\"},\"inLanguage\":\"it-IT\",\"potentialAction\":[{\"@type\":\"ReadAction\",\"target\":[\"https:\\\/\\\/foodanhaenger.ch\\\/kontakt\\\/\"]}]},{\"@type\":\"BreadcrumbList\",\"@id\":\"https:\\\/\\\/foodanhaenger.ch\\\/kontakt\\\/#breadcrumb\",\"itemListElement\":[{\"@type\":\"ListItem\",\"position\":1,\"name\":\"Home\",\"item\":\"https:\\\/\\\/foodanhaenger.ch\\\/\"},{\"@type\":\"ListItem\",\"position\":2,\"name\":\"Kontakt\"}]},{\"@type\":\"WebSite\",\"@id\":\"https:\\\/\\\/foodanhaenger.ch\\\/#website\",\"url\":\"https:\\\/\\\/foodanhaenger.ch\\\/\",\"name\":\"Foodangh\u00e4nger - Food Trailer\",\"description\":\"foodtrailer, foodanh\u00e4nger, foodanghaenger, imbiswagen, verkaufswagen\",\"publisher\":{\"@id\":\"https:\\\/\\\/foodanhaenger.ch\\\/#organization\"},\"alternateName\":\"Food Trailer - Foodanghaenger\",\"potentialAction\":[{\"@type\":\"SearchAction\",\"target\":{\"@type\":\"EntryPoint\",\"urlTemplate\":\"https:\\\/\\\/foodanhaenger.ch\\\/?s={search_term_string}\"},\"query-input\":{\"@type\":\"PropertyValueSpecification\",\"valueRequired\":true,\"valueName\":\"search_term_string\"}}],\"inLanguage\":\"it-IT\"},{\"@type\":\"Organization\",\"@id\":\"https:\\\/\\\/foodanhaenger.ch\\\/#organization\",\"name\":\"Foodanh\u00e4nger by L\u00f6wey L&R Streetfood Truck\",\"alternateName\":\"Foodanghaenger.ch\",\"url\":\"https:\\\/\\\/foodanhaenger.ch\\\/\",\"logo\":{\"@type\":\"ImageObject\",\"inLanguage\":\"it-IT\",\"@id\":\"https:\\\/\\\/foodanhaenger.ch\\\/#\\\/schema\\\/logo\\\/image\\\/\",\"url\":\"https:\\\/\\\/foodanhaenger.ch\\\/wp-content\\\/uploads\\\/2023\\\/08\\\/favicon-512.webp\",\"contentUrl\":\"https:\\\/\\\/foodanhaenger.ch\\\/wp-content\\\/uploads\\\/2023\\\/08\\\/favicon-512.webp\",\"width\":512,\"height\":512,\"caption\":\"Foodanh\u00e4nger by L\u00f6wey L&R Streetfood Truck\"},\"image\":{\"@id\":\"https:\\\/\\\/foodanhaenger.ch\\\/#\\\/schema\\\/logo\\\/image\\\/\"},\"sameAs\":[\"https:\\\/\\\/www.facebook.com\\\/verkaufswagenverkaufen\"],\"ownershipFundingInfo\":\"https:\\\/\\\/foodanhaenger.ch\\\/kontakt\\\/\",\"actionableFeedbackPolicy\":\"https:\\\/\\\/foodanhaenger.ch\\\/kontakt\\\/\",\"correctionsPolicy\":\"https:\\\/\\\/foodanhaenger.ch\\\/kontakt\\\/\",\"ethicsPolicy\":\"https:\\\/\\\/foodanhaenger.ch\\\/kontakt\\\/\",\"diversityPolicy\":\"https:\\\/\\\/foodanhaenger.ch\\\/kontakt\\\/\",\"diversityStaffingReport\":\"https:\\\/\\\/foodanhaenger.ch\\\/kontakt\\\/\"}]}<\/script>\n<!-- \/ Yoast SEO Premium plugin. -->","yoast_head_json":{"title":"Kontakt - Food Trailer - Foodanh\u00e4nger in Grenchen","description":"Speziell angefertigt Verkaufswagen und Imbisswagen, um Ihre Bed\u00fcrfnisse zu erf\u00fcllen. Professionelle Foodanh\u00e4nger f\u00fcr Ihren Verkauf. Bestellen Sie jetzt und \u00fcberzeugen Sie!","robots":{"index":"index","follow":"follow","max-snippet":"max-snippet:-1","max-image-preview":"max-image-preview:large","max-video-preview":"max-video-preview:-1"},"canonical":"https:\/\/foodanhaenger.ch\/it\/kontakt\/","og_locale":"it_IT","og_type":"article","og_title":"Kontakt","og_description":"Speziell angefertigt Verkaufswagen und Imbisswagen, um Ihre Bed\u00fcrfnisse zu erf\u00fcllen. Professionelle Foodanh\u00e4nger f\u00fcr Ihren Verkauf. Bestellen Sie jetzt und \u00fcberzeugen Sie!","og_url":"https:\/\/foodanhaenger.ch\/it\/kontakt\/","og_site_name":"Food Trailer - Foodanh\u00e4nger in Grenchen","article_publisher":"https:\/\/www.facebook.com\/verkaufswagenverkaufen","article_modified_time":"2026-02-04T12:59:02+00:00","og_image":[{"width":1300,"height":1069,"url":"https:\/\/foodanhaenger.ch\/wp-content\/uploads\/2023\/07\/Header-tab.webp","type":"image\/webp"}],"twitter_card":"summary_large_image","twitter_misc":{"Tempo di lettura stimato":"1 minuto"},"schema":{"@context":"https:\/\/schema.org","@graph":[{"@type":"WebPage","@id":"https:\/\/foodanhaenger.ch\/kontakt\/","url":"https:\/\/foodanhaenger.ch\/kontakt\/","name":"Kontakt - Food Trailer - Foodanh\u00e4nger in Grenchen","isPartOf":{"@id":"https:\/\/foodanhaenger.ch\/#website"},"primaryImageOfPage":{"@id":"https:\/\/foodanhaenger.ch\/kontakt\/#primaryimage"},"image":{"@id":"https:\/\/foodanhaenger.ch\/kontakt\/#primaryimage"},"thumbnailUrl":"https:\/\/foodanhaenger.ch\/wp-content\/uploads\/2023\/07\/Header-tab.webp","datePublished":"2021-12-31T15:23:17+00:00","dateModified":"2026-02-04T12:59:02+00:00","description":"Speziell angefertigt Verkaufswagen und Imbisswagen, um Ihre Bed\u00fcrfnisse zu erf\u00fcllen. Professionelle Foodanh\u00e4nger f\u00fcr Ihren Verkauf. Bestellen Sie jetzt und \u00fcberzeugen Sie!","breadcrumb":{"@id":"https:\/\/foodanhaenger.ch\/kontakt\/#breadcrumb"},"inLanguage":"it-IT","potentialAction":[{"@type":"ReadAction","target":["https:\/\/foodanhaenger.ch\/kontakt\/"]}]},{"@type":"BreadcrumbList","@id":"https:\/\/foodanhaenger.ch\/kontakt\/#breadcrumb","itemListElement":[{"@type":"ListItem","position":1,"name":"Home","item":"https:\/\/foodanhaenger.ch\/"},{"@type":"ListItem","position":2,"name":"Kontakt"}]},{"@type":"WebSite","@id":"https:\/\/foodanhaenger.ch\/#website","url":"https:\/\/foodanhaenger.ch\/","name":"Foodangh\u00e4nger - Food Trailer","description":"foodtrailer, foodanh\u00e4nger, foodanghaenger, imbiswagen, verkaufswagen","publisher":{"@id":"https:\/\/foodanhaenger.ch\/#organization"},"alternateName":"Food Trailer - Foodanghaenger","potentialAction":[{"@type":"SearchAction","target":{"@type":"EntryPoint","urlTemplate":"https:\/\/foodanhaenger.ch\/?s={search_term_string}"},"query-input":{"@type":"PropertyValueSpecification","valueRequired":true,"valueName":"search_term_string"}}],"inLanguage":"it-IT"},{"@type":"Organization","@id":"https:\/\/foodanhaenger.ch\/#organization","name":"Foodanh\u00e4nger by L\u00f6wey L&R Streetfood Truck","alternateName":"Foodanghaenger.ch","url":"https:\/\/foodanhaenger.ch\/","logo":{"@type":"ImageObject","inLanguage":"it-IT","@id":"https:\/\/foodanhaenger.ch\/#\/schema\/logo\/image\/","url":"https:\/\/foodanhaenger.ch\/wp-content\/uploads\/2023\/08\/favicon-512.webp","contentUrl":"https:\/\/foodanhaenger.ch\/wp-content\/uploads\/2023\/08\/favicon-512.webp","width":512,"height":512,"caption":"Foodanh\u00e4nger by L\u00f6wey L&R Streetfood Truck"},"image":{"@id":"https:\/\/foodanhaenger.ch\/#\/schema\/logo\/image\/"},"sameAs":["https:\/\/www.facebook.com\/verkaufswagenverkaufen"],"ownershipFundingInfo":"https:\/\/foodanhaenger.ch\/kontakt\/","actionableFeedbackPolicy":"https:\/\/foodanhaenger.ch\/kontakt\/","correctionsPolicy":"https:\/\/foodanhaenger.ch\/kontakt\/","ethicsPolicy":"https:\/\/foodanhaenger.ch\/kontakt\/","diversityPolicy":"https:\/\/foodanhaenger.ch\/kontakt\/","diversityStaffingReport":"https:\/\/foodanhaenger.ch\/kontakt\/"}]}},"_links":{"self":[{"href":"https:\/\/foodanhaenger.ch\/it\/wp-json\/wp\/v2\/pages\/39","targetHints":{"allow":["GET"]}}],"collection":[{"href":"https:\/\/foodanhaenger.ch\/it\/wp-json\/wp\/v2\/pages"}],"about":[{"href":"https:\/\/foodanhaenger.ch\/it\/wp-json\/wp\/v2\/types\/page"}],"author":[{"embeddable":true,"href":"https:\/\/foodanhaenger.ch\/it\/wp-json\/wp\/v2\/users\/1"}],"replies":[{"embeddable":true,"href":"https:\/\/foodanhaenger.ch\/it\/wp-json\/wp\/v2\/comments?post=39"}],"version-history":[{"count":18,"href":"https:\/\/foodanhaenger.ch\/it\/wp-json\/wp\/v2\/pages\/39\/revisions"}],"predecessor-version":[{"id":6518,"href":"https:\/\/foodanhaenger.ch\/it\/wp-json\/wp\/v2\/pages\/39\/revisions\/6518"}],"wp:featuredmedia":[{"embeddable":true,"href":"https:\/\/foodanhaenger.ch\/it\/wp-json\/wp\/v2\/media\/2552"}],"wp:attachment":[{"href":"https:\/\/foodanhaenger.ch\/it\/wp-json\/wp\/v2\/media?parent=39"}],"curies":[{"name":"wp","href":"https:\/\/api.w.org\/{rel}","templated":true}]}}