{"id":4973,"date":"2023-12-20T06:32:56","date_gmt":"2023-12-20T05:32:56","guid":{"rendered":"https:\/\/foodanhaenger.ch\/warenkorb\/"},"modified":"2024-04-21T19:12:31","modified_gmt":"2024-04-21T18:12:31","slug":"warenkorb","status":"publish","type":"page","link":"https:\/\/foodanhaenger.ch\/en\/warenkorb\/","title":{"rendered":"Warenkorb"},"content":{"rendered":"<div data-elementor-type=\"wp-page\" data-elementor-id=\"4973\" class=\"elementor elementor-4973\" data-elementor-post-type=\"page\">\n\t\t\t\t\t\t<section class=\"elementor-section elementor-top-section elementor-element elementor-element-672c6347 elementor-section-boxed elementor-section-height-default elementor-section-height-default\" data-id=\"672c6347\" data-element_type=\"section\" data-e-type=\"section\">\r\n\t\t\r\n\t\t\t\t\t\t\t<div class=\"elementor-container elementor-column-gap-default\">\r\n\t\t\t\t\t\t\t\t\t\t\t<div class=\"elementor-column elementor-col-100 elementor-top-column elementor-element elementor-element-765f147d\" data-id=\"765f147d\" data-element_type=\"column\" data-e-type=\"column\">\r\n\t\t\t\t\t<div class=\"elementor-widget-wrap elementor-element-populated\">\r\n\t\t\t\t\t\t\t\t\t<\/div>\r\n\t\t\t\t<\/div>\r\n\t\t\t\t\t<\/div>\r\n\t\t\t\t<\/section>\r\n\t\t\t\t<\/div>","protected":false},"excerpt":{"rendered":"<p>&nbsp; &nbsp; Product Price Quantity Subtotal &times; Verkaufswagen &#8211; Imbisswagen L 270 B 180 H 230\/270 &#67;&#72;&#70;&nbsp;14\u2019000 &#8211; + &#67;&#72;&#70;&nbsp;56\u2019000 &times; Verkaufswagen &#8211; Imbisswagen L 300 B 200 H 230\/270 &#67;&#72;&#70;&nbsp;17\u2019000 &#8211; + &#67;&#72;&#70;&nbsp;17\u2019000 Warenkorb gesamt Subtotal &#67;&#72;&#70;&nbsp;73\u2019000 Total &#67;&#72;&#70;&nbsp;73\u2019000 Weiter zur Kasse<\/p>","protected":false},"author":1,"featured_media":0,"parent":0,"menu_order":0,"comment_status":"closed","ping_status":"closed","template":"","meta":{"inline_featured_image":false,"cybocfi_hide_featured_image":"","footnotes":""},"class_list":["post-4973","page","type-page","status-publish","hentry"],"yoast_head":"<!-- This site is optimized with the Yoast SEO Premium plugin v27.4 (Yoast SEO v27.4) - https:\/\/yoast.com\/product\/yoast-seo-premium-wordpress\/ -->\n<title>Warenkorb - Food Trailer - Foodanh\u00e4nger in Grenchen<\/title>\n<meta name=\"description\" content=\"Speziell angefertigt Verkaufswagen und Imbisswagen, um Ihre Bed\u00fcrfnisse zu erf\u00fcllen. Professionelle Foodanh\u00e4nger f\u00fcr Ihren Verkauf. Bestellen Sie jetzt und \u00fcberzeugen Sie!\" \/>\n<meta name=\"robots\" content=\"index, follow, max-snippet:-1, max-image-preview:large, max-video-preview:-1\" \/>\n<link rel=\"canonical\" href=\"https:\/\/foodanhaenger.ch\/en\/warenkorb\/\" \/>\n<meta property=\"og:locale\" content=\"en_GB\" \/>\n<meta property=\"og:type\" content=\"article\" \/>\n<meta property=\"og:title\" content=\"Warenkorb\" \/>\n<meta property=\"og:description\" content=\"Speziell angefertigt Verkaufswagen und Imbisswagen, um Ihre Bed\u00fcrfnisse zu erf\u00fcllen. Professionelle Foodanh\u00e4nger f\u00fcr Ihren Verkauf. Bestellen Sie jetzt und \u00fcberzeugen Sie!\" \/>\n<meta property=\"og:url\" content=\"https:\/\/foodanhaenger.ch\/en\/warenkorb\/\" \/>\n<meta property=\"og:site_name\" content=\"Food Trailer - Foodanh\u00e4nger in Grenchen\" \/>\n<meta property=\"article:publisher\" content=\"https:\/\/www.facebook.com\/verkaufswagenverkaufen\" \/>\n<meta property=\"article:modified_time\" content=\"2024-04-21T18:12:31+00:00\" \/>\n<meta property=\"og:image\" content=\"https:\/\/foodanhaenger.ch\/wp-content\/uploads\/2023\/09\/1-270-cm-Lang-1-300x225.webp\" \/>\n<meta name=\"twitter:card\" content=\"summary_large_image\" \/>\n<meta name=\"twitter:label1\" content=\"Estimated reading time\" \/>\n\t<meta name=\"twitter:data1\" content=\"1 minute\" \/>\n<script type=\"application\/ld+json\" class=\"yoast-schema-graph\">{\"@context\":\"https:\\\/\\\/schema.org\",\"@graph\":[{\"@type\":\"WebPage\",\"@id\":\"https:\\\/\\\/foodanhaenger.ch\\\/warenkorb\\\/\",\"url\":\"https:\\\/\\\/foodanhaenger.ch\\\/warenkorb\\\/\",\"name\":\"Warenkorb - Food Trailer - Foodanh\u00e4nger in Grenchen\",\"isPartOf\":{\"@id\":\"https:\\\/\\\/foodanhaenger.ch\\\/#website\"},\"primaryImageOfPage\":{\"@id\":\"https:\\\/\\\/foodanhaenger.ch\\\/warenkorb\\\/#primaryimage\"},\"image\":{\"@id\":\"https:\\\/\\\/foodanhaenger.ch\\\/warenkorb\\\/#primaryimage\"},\"thumbnailUrl\":\"https:\\\/\\\/foodanhaenger.ch\\\/wp-content\\\/uploads\\\/2023\\\/09\\\/1-270-cm-Lang-1-300x225.webp\",\"datePublished\":\"2023-12-20T05:32:56+00:00\",\"dateModified\":\"2024-04-21T18:12:31+00:00\",\"description\":\"Speziell angefertigt Verkaufswagen und Imbisswagen, um Ihre Bed\u00fcrfnisse zu erf\u00fcllen. Professionelle Foodanh\u00e4nger f\u00fcr Ihren Verkauf. Bestellen Sie jetzt und \u00fcberzeugen Sie!\",\"breadcrumb\":{\"@id\":\"https:\\\/\\\/foodanhaenger.ch\\\/warenkorb\\\/#breadcrumb\"},\"inLanguage\":\"en-GB\",\"potentialAction\":[{\"@type\":\"ReadAction\",\"target\":[\"https:\\\/\\\/foodanhaenger.ch\\\/warenkorb\\\/\"]}]},{\"@type\":\"ImageObject\",\"inLanguage\":\"en-GB\",\"@id\":\"https:\\\/\\\/foodanhaenger.ch\\\/warenkorb\\\/#primaryimage\",\"url\":\"https:\\\/\\\/foodanhaenger.ch\\\/wp-content\\\/uploads\\\/2023\\\/09\\\/1-270-cm-Lang-1-300x225.webp\",\"contentUrl\":\"https:\\\/\\\/foodanhaenger.ch\\\/wp-content\\\/uploads\\\/2023\\\/09\\\/1-270-cm-Lang-1-300x225.webp\"},{\"@type\":\"BreadcrumbList\",\"@id\":\"https:\\\/\\\/foodanhaenger.ch\\\/warenkorb\\\/#breadcrumb\",\"itemListElement\":[{\"@type\":\"ListItem\",\"position\":1,\"name\":\"Home\",\"item\":\"https:\\\/\\\/foodanhaenger.ch\\\/\"},{\"@type\":\"ListItem\",\"position\":2,\"name\":\"Warenkorb\"}]},{\"@type\":\"WebSite\",\"@id\":\"https:\\\/\\\/foodanhaenger.ch\\\/#website\",\"url\":\"https:\\\/\\\/foodanhaenger.ch\\\/\",\"name\":\"Foodangh\u00e4nger - Food Trailer\",\"description\":\"foodtrailer, foodanh\u00e4nger, foodanghaenger, imbiswagen, verkaufswagen\",\"publisher\":{\"@id\":\"https:\\\/\\\/foodanhaenger.ch\\\/#organization\"},\"alternateName\":\"Food Trailer - Foodanghaenger\",\"potentialAction\":[{\"@type\":\"SearchAction\",\"target\":{\"@type\":\"EntryPoint\",\"urlTemplate\":\"https:\\\/\\\/foodanhaenger.ch\\\/?s={search_term_string}\"},\"query-input\":{\"@type\":\"PropertyValueSpecification\",\"valueRequired\":true,\"valueName\":\"search_term_string\"}}],\"inLanguage\":\"en-GB\"},{\"@type\":\"Organization\",\"@id\":\"https:\\\/\\\/foodanhaenger.ch\\\/#organization\",\"name\":\"Foodanh\u00e4nger by L\u00f6wey L&R Streetfood Truck\",\"alternateName\":\"Foodanghaenger.ch\",\"url\":\"https:\\\/\\\/foodanhaenger.ch\\\/\",\"logo\":{\"@type\":\"ImageObject\",\"inLanguage\":\"en-GB\",\"@id\":\"https:\\\/\\\/foodanhaenger.ch\\\/#\\\/schema\\\/logo\\\/image\\\/\",\"url\":\"https:\\\/\\\/foodanhaenger.ch\\\/wp-content\\\/uploads\\\/2023\\\/08\\\/favicon-512.webp\",\"contentUrl\":\"https:\\\/\\\/foodanhaenger.ch\\\/wp-content\\\/uploads\\\/2023\\\/08\\\/favicon-512.webp\",\"width\":512,\"height\":512,\"caption\":\"Foodanh\u00e4nger by L\u00f6wey L&R Streetfood Truck\"},\"image\":{\"@id\":\"https:\\\/\\\/foodanhaenger.ch\\\/#\\\/schema\\\/logo\\\/image\\\/\"},\"sameAs\":[\"https:\\\/\\\/www.facebook.com\\\/verkaufswagenverkaufen\"],\"ownershipFundingInfo\":\"https:\\\/\\\/foodanhaenger.ch\\\/kontakt\\\/\",\"actionableFeedbackPolicy\":\"https:\\\/\\\/foodanhaenger.ch\\\/kontakt\\\/\",\"correctionsPolicy\":\"https:\\\/\\\/foodanhaenger.ch\\\/kontakt\\\/\",\"ethicsPolicy\":\"https:\\\/\\\/foodanhaenger.ch\\\/kontakt\\\/\",\"diversityPolicy\":\"https:\\\/\\\/foodanhaenger.ch\\\/kontakt\\\/\",\"diversityStaffingReport\":\"https:\\\/\\\/foodanhaenger.ch\\\/kontakt\\\/\"}]}<\/script>\n<!-- \/ Yoast SEO Premium plugin. -->","yoast_head_json":{"title":"Warenkorb - Food Trailer - Foodanh\u00e4nger in Grenchen","description":"Speziell angefertigt Verkaufswagen und Imbisswagen, um Ihre Bed\u00fcrfnisse zu erf\u00fcllen. Professionelle Foodanh\u00e4nger f\u00fcr Ihren Verkauf. Bestellen Sie jetzt und \u00fcberzeugen Sie!","robots":{"index":"index","follow":"follow","max-snippet":"max-snippet:-1","max-image-preview":"max-image-preview:large","max-video-preview":"max-video-preview:-1"},"canonical":"https:\/\/foodanhaenger.ch\/en\/warenkorb\/","og_locale":"en_GB","og_type":"article","og_title":"Warenkorb","og_description":"Speziell angefertigt Verkaufswagen und Imbisswagen, um Ihre Bed\u00fcrfnisse zu erf\u00fcllen. Professionelle Foodanh\u00e4nger f\u00fcr Ihren Verkauf. Bestellen Sie jetzt und \u00fcberzeugen Sie!","og_url":"https:\/\/foodanhaenger.ch\/en\/warenkorb\/","og_site_name":"Food Trailer - Foodanh\u00e4nger in Grenchen","article_publisher":"https:\/\/www.facebook.com\/verkaufswagenverkaufen","article_modified_time":"2024-04-21T18:12:31+00:00","og_image":[{"url":"https:\/\/foodanhaenger.ch\/wp-content\/uploads\/2023\/09\/1-270-cm-Lang-1-300x225.webp","type":"","width":"","height":""}],"twitter_card":"summary_large_image","twitter_misc":{"Estimated reading time":"1 minute"},"schema":{"@context":"https:\/\/schema.org","@graph":[{"@type":"WebPage","@id":"https:\/\/foodanhaenger.ch\/warenkorb\/","url":"https:\/\/foodanhaenger.ch\/warenkorb\/","name":"Warenkorb - Food Trailer - Foodanh\u00e4nger in Grenchen","isPartOf":{"@id":"https:\/\/foodanhaenger.ch\/#website"},"primaryImageOfPage":{"@id":"https:\/\/foodanhaenger.ch\/warenkorb\/#primaryimage"},"image":{"@id":"https:\/\/foodanhaenger.ch\/warenkorb\/#primaryimage"},"thumbnailUrl":"https:\/\/foodanhaenger.ch\/wp-content\/uploads\/2023\/09\/1-270-cm-Lang-1-300x225.webp","datePublished":"2023-12-20T05:32:56+00:00","dateModified":"2024-04-21T18:12:31+00:00","description":"Speziell angefertigt Verkaufswagen und Imbisswagen, um Ihre Bed\u00fcrfnisse zu erf\u00fcllen. Professionelle Foodanh\u00e4nger f\u00fcr Ihren Verkauf. Bestellen Sie jetzt und \u00fcberzeugen Sie!","breadcrumb":{"@id":"https:\/\/foodanhaenger.ch\/warenkorb\/#breadcrumb"},"inLanguage":"en-GB","potentialAction":[{"@type":"ReadAction","target":["https:\/\/foodanhaenger.ch\/warenkorb\/"]}]},{"@type":"ImageObject","inLanguage":"en-GB","@id":"https:\/\/foodanhaenger.ch\/warenkorb\/#primaryimage","url":"https:\/\/foodanhaenger.ch\/wp-content\/uploads\/2023\/09\/1-270-cm-Lang-1-300x225.webp","contentUrl":"https:\/\/foodanhaenger.ch\/wp-content\/uploads\/2023\/09\/1-270-cm-Lang-1-300x225.webp"},{"@type":"BreadcrumbList","@id":"https:\/\/foodanhaenger.ch\/warenkorb\/#breadcrumb","itemListElement":[{"@type":"ListItem","position":1,"name":"Home","item":"https:\/\/foodanhaenger.ch\/"},{"@type":"ListItem","position":2,"name":"Warenkorb"}]},{"@type":"WebSite","@id":"https:\/\/foodanhaenger.ch\/#website","url":"https:\/\/foodanhaenger.ch\/","name":"Foodangh\u00e4nger - Food Trailer","description":"foodtrailer, foodanh\u00e4nger, foodanghaenger, imbiswagen, verkaufswagen","publisher":{"@id":"https:\/\/foodanhaenger.ch\/#organization"},"alternateName":"Food Trailer - Foodanghaenger","potentialAction":[{"@type":"SearchAction","target":{"@type":"EntryPoint","urlTemplate":"https:\/\/foodanhaenger.ch\/?s={search_term_string}"},"query-input":{"@type":"PropertyValueSpecification","valueRequired":true,"valueName":"search_term_string"}}],"inLanguage":"en-GB"},{"@type":"Organization","@id":"https:\/\/foodanhaenger.ch\/#organization","name":"Foodanh\u00e4nger by L\u00f6wey L&R Streetfood Truck","alternateName":"Foodanghaenger.ch","url":"https:\/\/foodanhaenger.ch\/","logo":{"@type":"ImageObject","inLanguage":"en-GB","@id":"https:\/\/foodanhaenger.ch\/#\/schema\/logo\/image\/","url":"https:\/\/foodanhaenger.ch\/wp-content\/uploads\/2023\/08\/favicon-512.webp","contentUrl":"https:\/\/foodanhaenger.ch\/wp-content\/uploads\/2023\/08\/favicon-512.webp","width":512,"height":512,"caption":"Foodanh\u00e4nger by L\u00f6wey L&R Streetfood Truck"},"image":{"@id":"https:\/\/foodanhaenger.ch\/#\/schema\/logo\/image\/"},"sameAs":["https:\/\/www.facebook.com\/verkaufswagenverkaufen"],"ownershipFundingInfo":"https:\/\/foodanhaenger.ch\/kontakt\/","actionableFeedbackPolicy":"https:\/\/foodanhaenger.ch\/kontakt\/","correctionsPolicy":"https:\/\/foodanhaenger.ch\/kontakt\/","ethicsPolicy":"https:\/\/foodanhaenger.ch\/kontakt\/","diversityPolicy":"https:\/\/foodanhaenger.ch\/kontakt\/","diversityStaffingReport":"https:\/\/foodanhaenger.ch\/kontakt\/"}]}},"_links":{"self":[{"href":"https:\/\/foodanhaenger.ch\/en\/wp-json\/wp\/v2\/pages\/4973","targetHints":{"allow":["GET"]}}],"collection":[{"href":"https:\/\/foodanhaenger.ch\/en\/wp-json\/wp\/v2\/pages"}],"about":[{"href":"https:\/\/foodanhaenger.ch\/en\/wp-json\/wp\/v2\/types\/page"}],"author":[{"embeddable":true,"href":"https:\/\/foodanhaenger.ch\/en\/wp-json\/wp\/v2\/users\/1"}],"replies":[{"embeddable":true,"href":"https:\/\/foodanhaenger.ch\/en\/wp-json\/wp\/v2\/comments?post=4973"}],"version-history":[{"count":0,"href":"https:\/\/foodanhaenger.ch\/en\/wp-json\/wp\/v2\/pages\/4973\/revisions"}],"wp:attachment":[{"href":"https:\/\/foodanhaenger.ch\/en\/wp-json\/wp\/v2\/media?parent=4973"}],"curies":[{"name":"wp","href":"https:\/\/api.w.org\/{rel}","templated":true}]}}